{"id":78,"date":"2020-08-07T13:58:14","date_gmt":"2020-08-07T11:58:14","guid":{"rendered":"http:\/\/www.bcm74.fr\/wordpress\/?page_id=78"},"modified":"2020-09-07T12:24:13","modified_gmt":"2020-09-07T10:24:13","slug":"presentation","status":"publish","type":"page","link":"http:\/\/www.bcm74.fr\/wordpress\/presentation\/","title":{"rendered":"Pr\u00e9sentation"},"content":{"rendered":"\n<p>Depuis 1992, le badminton est un sport olympique qui se d\u00e9cline en 5 disciplines : simple hommes, simple dames, double hommes, double dames et double mixte.<\/p>\n\n\n\n<p>\u00c0 haut niveau, il n\u00e9cessite une excellente condition physique ainsi que de tr\u00e8s bonnes qualit\u00e9s techniques et tactiques.<\/p>\n\n\n\n<p>C&rsquo;est le sport de raquette le plus rapide du monde*, il est fr\u00e9quent de voir une douzaine d&rsquo;\u00e9changes en double en moins de 10 secondes. Le record de vitesse pour un volant en comp\u00e9tition est d\u00e9tenu depuis le 11 janvier 2017 par Mads Pieler Kolding, joueur danois de double hommes, qui a frapp\u00e9 le volant \u00e0 la vitesse de 426 km\/h. Le Malaisien Tan Boon Heong, \u00e9galement joueur de double hommes, a, pour sa part, propuls\u00e9 un volant \u00e0 493 km\/h en sortie de raquette en conditions optimales, \u00e9tablissant ainsi le record Guinness actuel, battant ainsi l&rsquo;ancien record de 421 km\/h qu&rsquo;il avait \u00e9galement \u00e9tabli.<\/p>\n\n\n\n<p>En Badminton, le tournoi a pour principe d&rsquo;encha\u00eener plusieurs matchs sur une ou deux journ\u00e9es max selon les r\u00e9sultats obtenus. Les joueurs plac\u00e9s initialement dans des poules se rencontrent tous et le meilleur (ou les deux meilleurs) d&rsquo;entre eux se qualifient pour des phases finales (1\/8, 1\/4, 1\/2 et finale par exemple) o\u00f9 chaque match devient \u00e9liminatoire. C&rsquo;est l&rsquo;occasion de se mesurer \u00e0 de nouveaux adversaires que ceux rencontr\u00e9s habituellement au club, de tester son niveau dans une cat\u00e9gorie de joueurs et de progresser.<\/p>\n\n\n\n<p>Classiquement, les tournois se d\u00e9roulent le week-end :<\/p>\n\n\n\n<p>&#8211; les simples homme et femme se jouent g\u00e9n\u00e9ralement le samedi (parfois 1\/2 et finales le dimanche),<\/p>\n\n\n\n<p>&#8211; les doubles mixtes d\u00e9butent souvent le samedi apr\u00e8s-midi et se terminent le dimanche,<\/p>\n\n\n\n<p>&#8211; les doubles homme et dame se jouent habituellement sur la journ\u00e9e du dimanche.<\/p>\n\n\n\n<figure class=\"wp-block-image size-large is-resized\"><img loading=\"lazy\" decoding=\"async\" src=\"http:\/\/www.bcm74.fr\/wordpress\/wp-content\/uploads\/2020\/08\/badminton__badminton_at_atwater_courts_banq_p48s1p07390.jpg\" alt=\"\" class=\"wp-image-80\" width=\"480\" height=\"357\" srcset=\"http:\/\/www.bcm74.fr\/wordpress\/wp-content\/uploads\/2020\/08\/badminton__badminton_at_atwater_courts_banq_p48s1p07390.jpg 960w, http:\/\/www.bcm74.fr\/wordpress\/wp-content\/uploads\/2020\/08\/badminton__badminton_at_atwater_courts_banq_p48s1p07390-300x223.jpg 300w, http:\/\/www.bcm74.fr\/wordpress\/wp-content\/uploads\/2020\/08\/badminton__badminton_at_atwater_courts_banq_p48s1p07390-768x571.jpg 768w, http:\/\/www.bcm74.fr\/wordpress\/wp-content\/uploads\/2020\/08\/badminton__badminton_at_atwater_courts_banq_p48s1p07390-81x60.jpg 81w\" sizes=\"auto, (max-width: 480px) 100vw, 480px\" \/><\/figure>\n\n\n\n<p>Selon les tournois, il est possible de s\u2019inscrire sur un, deux voire trois tableaux (simple et\/ou double mixte et\/ou double homme ou femme).<\/p>\n\n\n\n<p>Les inscriptions se font dans diff\u00e9rentes s\u00e9ries : P (Promotion), D (D\u00e9partemental), R, N, \u2026 (dans le sens croissant de niveau). Ainsi un d\u00e9butant s\u2019inscrira g\u00e9n\u00e9ralement pour les premiers tournois en P (mais il peut s\u2019inscrire dans toute s\u00e9rie sup\u00e9rieure s\u2019il pense qu\u2019il a le niveau). A chaque match gagn\u00e9 lors d\u2019un match officiel, le joueur gagne des points qui pourront lui permettre d\u2019avoir un meilleur classement.<\/p>\n\n\n\n<p>Afin de participer \u00e0 un tournoi, il suffit de s\u2019inscrire dans les temps au club (tableau d&rsquo;affichage) et d&rsquo;\u00eatre \u00e0 jour de son inscription (enregistrement de licence, certificat m\u00e9dical). Les dates et caract\u00e9ristiques du tournoi sont disponibles \u00e0 l&rsquo;affichage et sur le site du club. Les matchs peuvent s&rsquo;\u00e9taler sur toute la journ\u00e9e d\u00e8s 8h et jusqu&rsquo;au soir si les matchs gagn\u00e9s s&rsquo;encha\u00eenent, il est donc imp\u00e9ratif de veiller \u00e0 \u00eatre disponible la totalit\u00e9 de la journ\u00e9e ou du week-end avant de s&rsquo;inscrire. Les horaires de convocation seront disponibles au milieu de la semaine du tournoi sur le site du club ou pourront \u00eatre demand\u00e9s au responsable tournoi.<\/p>\n","protected":false},"excerpt":{"rendered":"<p>Depuis 1992, le badminton est un sport olympique qui se d\u00e9cline en 5 disciplines : simple hommes, simple dames, double hommes, double dames et double mixte. \u00c0 haut niveau, il n\u00e9cessite une excellente condition physique ainsi que de tr\u00e8s bonnes qualit\u00e9s techniques et tactiques. C&rsquo;est &hellip; <\/p>\n","protected":false},"author":1,"featured_media":0,"parent":0,"menu_order":0,"comment_status":"closed","ping_status":"closed","template":"","meta":{"footnotes":""},"class_list":["post-78","page","type-page","status-publish","hentry","latest_post"],"yoast_head":"<!-- This site is optimized with the Yoast SEO plugin v17.0 - https:\/\/yoast.com\/wordpress\/plugins\/seo\/ -->\n<title>Pr\u00e9sentation - Badminton Club de La Mandallaz<\/title>\n<meta name=\"robots\" content=\"index, follow, max-snippet:-1, max-image-preview:large, max-video-preview:-1\" \/>\n<link rel=\"canonical\" href=\"http:\/\/www.bcm74.fr\/wordpress\/presentation\/\" \/>\n<meta property=\"og:locale\" content=\"fr_FR\" \/>\n<meta property=\"og:type\" content=\"article\" \/>\n<meta property=\"og:title\" content=\"Pr\u00e9sentation - Badminton Club de La Mandallaz\" \/>\n<meta property=\"og:description\" content=\"Depuis 1992, le badminton est un sport olympique qui se d\u00e9cline en 5 disciplines : simple hommes, simple dames, double hommes, double dames et double mixte. \u00c0 haut niveau, il n\u00e9cessite une excellente condition physique ainsi que de tr\u00e8s bonnes qualit\u00e9s techniques et tactiques. C&rsquo;est &hellip;\" \/>\n<meta property=\"og:url\" content=\"http:\/\/www.bcm74.fr\/wordpress\/presentation\/\" \/>\n<meta property=\"og:site_name\" content=\"Badminton Club de La Mandallaz\" \/>\n<meta property=\"article:modified_time\" content=\"2020-09-07T10:24:13+00:00\" \/>\n<meta property=\"og:image\" content=\"http:\/\/www.bcm74.fr\/wordpress\/wp-content\/uploads\/2020\/08\/badminton__badminton_at_atwater_courts_banq_p48s1p07390.jpg\" \/>\n<meta name=\"twitter:card\" content=\"summary_large_image\" \/>\n<meta name=\"twitter:label1\" content=\"Dur\u00e9e de lecture est.\" \/>\n\t<meta name=\"twitter:data1\" content=\"3 minutes\" \/>\n<script type=\"application\/ld+json\" class=\"yoast-schema-graph\">{\"@context\":\"https:\/\/schema.org\",\"@graph\":[{\"@type\":\"WebSite\",\"@id\":\"http:\/\/www.bcm74.fr\/wordpress\/#website\",\"url\":\"http:\/\/www.bcm74.fr\/wordpress\/\",\"name\":\"Badminton Club de La Mandallaz\",\"description\":\"\",\"potentialAction\":[{\"@type\":\"SearchAction\",\"target\":{\"@type\":\"EntryPoint\",\"urlTemplate\":\"http:\/\/www.bcm74.fr\/wordpress\/?s={search_term_string}\"},\"query-input\":\"required name=search_term_string\"}],\"inLanguage\":\"fr-FR\"},{\"@type\":\"ImageObject\",\"@id\":\"http:\/\/www.bcm74.fr\/wordpress\/presentation\/#primaryimage\",\"inLanguage\":\"fr-FR\",\"url\":\"http:\/\/www.bcm74.fr\/wordpress\/wp-content\/uploads\/2020\/08\/badminton__badminton_at_atwater_courts_banq_p48s1p07390.jpg\",\"contentUrl\":\"http:\/\/www.bcm74.fr\/wordpress\/wp-content\/uploads\/2020\/08\/badminton__badminton_at_atwater_courts_banq_p48s1p07390.jpg\",\"width\":960,\"height\":714},{\"@type\":\"WebPage\",\"@id\":\"http:\/\/www.bcm74.fr\/wordpress\/presentation\/#webpage\",\"url\":\"http:\/\/www.bcm74.fr\/wordpress\/presentation\/\",\"name\":\"Pr\\u00e9sentation - Badminton Club de La Mandallaz\",\"isPartOf\":{\"@id\":\"http:\/\/www.bcm74.fr\/wordpress\/#website\"},\"primaryImageOfPage\":{\"@id\":\"http:\/\/www.bcm74.fr\/wordpress\/presentation\/#primaryimage\"},\"datePublished\":\"2020-08-07T11:58:14+00:00\",\"dateModified\":\"2020-09-07T10:24:13+00:00\",\"breadcrumb\":{\"@id\":\"http:\/\/www.bcm74.fr\/wordpress\/presentation\/#breadcrumb\"},\"inLanguage\":\"fr-FR\",\"potentialAction\":[{\"@type\":\"ReadAction\",\"target\":[\"http:\/\/www.bcm74.fr\/wordpress\/presentation\/\"]}]},{\"@type\":\"BreadcrumbList\",\"@id\":\"http:\/\/www.bcm74.fr\/wordpress\/presentation\/#breadcrumb\",\"itemListElement\":[{\"@type\":\"ListItem\",\"position\":1,\"name\":\"Accueil\",\"item\":\"http:\/\/www.bcm74.fr\/wordpress\/\"},{\"@type\":\"ListItem\",\"position\":2,\"name\":\"Pr\\u00e9sentation\"}]}]}<\/script>\n<!-- \/ Yoast SEO plugin. -->","yoast_head_json":{"title":"Pr\u00e9sentation - Badminton Club de La Mandallaz","robots":{"index":"index","follow":"follow","max-snippet":"max-snippet:-1","max-image-preview":"max-image-preview:large","max-video-preview":"max-video-preview:-1"},"canonical":"http:\/\/www.bcm74.fr\/wordpress\/presentation\/","og_locale":"fr_FR","og_type":"article","og_title":"Pr\u00e9sentation - Badminton Club de La Mandallaz","og_description":"Depuis 1992, le badminton est un sport olympique qui se d\u00e9cline en 5 disciplines : simple hommes, simple dames, double hommes, double dames et double mixte. \u00c0 haut niveau, il n\u00e9cessite une excellente condition physique ainsi que de tr\u00e8s bonnes qualit\u00e9s techniques et tactiques. C&rsquo;est &hellip;","og_url":"http:\/\/www.bcm74.fr\/wordpress\/presentation\/","og_site_name":"Badminton Club de La Mandallaz","article_modified_time":"2020-09-07T10:24:13+00:00","og_image":[{"url":"http:\/\/www.bcm74.fr\/wordpress\/wp-content\/uploads\/2020\/08\/badminton__badminton_at_atwater_courts_banq_p48s1p07390.jpg"}],"twitter_card":"summary_large_image","twitter_misc":{"Dur\u00e9e de lecture est.":"3 minutes"},"schema":{"@context":"https:\/\/schema.org","@graph":[{"@type":"WebSite","@id":"http:\/\/www.bcm74.fr\/wordpress\/#website","url":"http:\/\/www.bcm74.fr\/wordpress\/","name":"Badminton Club de La Mandallaz","description":"","potentialAction":[{"@type":"SearchAction","target":{"@type":"EntryPoint","urlTemplate":"http:\/\/www.bcm74.fr\/wordpress\/?s={search_term_string}"},"query-input":"required name=search_term_string"}],"inLanguage":"fr-FR"},{"@type":"ImageObject","@id":"http:\/\/www.bcm74.fr\/wordpress\/presentation\/#primaryimage","inLanguage":"fr-FR","url":"http:\/\/www.bcm74.fr\/wordpress\/wp-content\/uploads\/2020\/08\/badminton__badminton_at_atwater_courts_banq_p48s1p07390.jpg","contentUrl":"http:\/\/www.bcm74.fr\/wordpress\/wp-content\/uploads\/2020\/08\/badminton__badminton_at_atwater_courts_banq_p48s1p07390.jpg","width":960,"height":714},{"@type":"WebPage","@id":"http:\/\/www.bcm74.fr\/wordpress\/presentation\/#webpage","url":"http:\/\/www.bcm74.fr\/wordpress\/presentation\/","name":"Pr\u00e9sentation - Badminton Club de La Mandallaz","isPartOf":{"@id":"http:\/\/www.bcm74.fr\/wordpress\/#website"},"primaryImageOfPage":{"@id":"http:\/\/www.bcm74.fr\/wordpress\/presentation\/#primaryimage"},"datePublished":"2020-08-07T11:58:14+00:00","dateModified":"2020-09-07T10:24:13+00:00","breadcrumb":{"@id":"http:\/\/www.bcm74.fr\/wordpress\/presentation\/#breadcrumb"},"inLanguage":"fr-FR","potentialAction":[{"@type":"ReadAction","target":["http:\/\/www.bcm74.fr\/wordpress\/presentation\/"]}]},{"@type":"BreadcrumbList","@id":"http:\/\/www.bcm74.fr\/wordpress\/presentation\/#breadcrumb","itemListElement":[{"@type":"ListItem","position":1,"name":"Accueil","item":"http:\/\/www.bcm74.fr\/wordpress\/"},{"@type":"ListItem","position":2,"name":"Pr\u00e9sentation"}]}]}},"_links":{"self":[{"href":"http:\/\/www.bcm74.fr\/wordpress\/wp-json\/wp\/v2\/pages\/78","targetHints":{"allow":["GET"]}}],"collection":[{"href":"http:\/\/www.bcm74.fr\/wordpress\/wp-json\/wp\/v2\/pages"}],"about":[{"href":"http:\/\/www.bcm74.fr\/wordpress\/wp-json\/wp\/v2\/types\/page"}],"author":[{"embeddable":true,"href":"http:\/\/www.bcm74.fr\/wordpress\/wp-json\/wp\/v2\/users\/1"}],"replies":[{"embeddable":true,"href":"http:\/\/www.bcm74.fr\/wordpress\/wp-json\/wp\/v2\/comments?post=78"}],"version-history":[{"count":4,"href":"http:\/\/www.bcm74.fr\/wordpress\/wp-json\/wp\/v2\/pages\/78\/revisions"}],"predecessor-version":[{"id":220,"href":"http:\/\/www.bcm74.fr\/wordpress\/wp-json\/wp\/v2\/pages\/78\/revisions\/220"}],"wp:attachment":[{"href":"http:\/\/www.bcm74.fr\/wordpress\/wp-json\/wp\/v2\/media?parent=78"}],"curies":[{"name":"wp","href":"https:\/\/api.w.org\/{rel}","templated":true}]}}