{"id":68,"date":"2020-07-11T18:27:44","date_gmt":"2020-07-11T16:27:44","guid":{"rendered":"http:\/\/www.bcm74.fr\/wordpress\/?page_id=68"},"modified":"2024-07-22T22:44:12","modified_gmt":"2024-07-22T20:44:12","slug":"reglement-interieur","status":"publish","type":"page","link":"http:\/\/www.bcm74.fr\/wordpress\/reglement-interieur\/","title":{"rendered":"R\u00e8glement Int\u00e9rieur"},"content":{"rendered":"\n<p><strong>En cours d&rsquo;actualisation &#8211; il sera bient\u00f4t disponible !!<\/strong><\/p>\n\n\n\n\n","protected":false},"excerpt":{"rendered":"<p>En cours d&rsquo;actualisation &#8211; il sera bient\u00f4t disponible !!<\/p>\n","protected":false},"author":1,"featured_media":0,"parent":0,"menu_order":0,"comment_status":"closed","ping_status":"closed","template":"","meta":{"footnotes":""},"class_list":["post-68","page","type-page","status-publish","hentry","latest_post"],"yoast_head":"<!-- This site is optimized with the Yoast SEO plugin v17.0 - https:\/\/yoast.com\/wordpress\/plugins\/seo\/ -->\n<title>R\u00e8glement Int\u00e9rieur - Badminton Club de La Mandallaz<\/title>\n<meta name=\"robots\" content=\"index, follow, max-snippet:-1, max-image-preview:large, max-video-preview:-1\" \/>\n<link rel=\"canonical\" href=\"http:\/\/www.bcm74.fr\/wordpress\/reglement-interieur\/\" \/>\n<meta property=\"og:locale\" content=\"fr_FR\" \/>\n<meta property=\"og:type\" content=\"article\" \/>\n<meta property=\"og:title\" content=\"R\u00e8glement Int\u00e9rieur - Badminton Club de La Mandallaz\" \/>\n<meta property=\"og:description\" content=\"En cours d&rsquo;actualisation &#8211; il sera bient\u00f4t disponible !!\" \/>\n<meta property=\"og:url\" content=\"http:\/\/www.bcm74.fr\/wordpress\/reglement-interieur\/\" \/>\n<meta property=\"og:site_name\" content=\"Badminton Club de La Mandallaz\" \/>\n<meta property=\"article:modified_time\" content=\"2024-07-22T20:44:12+00:00\" \/>\n<meta name=\"twitter:card\" content=\"summary_large_image\" \/>\n<meta name=\"twitter:label1\" content=\"Dur\u00e9e de lecture est.\" \/>\n\t<meta name=\"twitter:data1\" content=\"6 minutes\" \/>\n<script type=\"application\/ld+json\" class=\"yoast-schema-graph\">{\"@context\":\"https:\/\/schema.org\",\"@graph\":[{\"@type\":\"WebSite\",\"@id\":\"http:\/\/www.bcm74.fr\/wordpress\/#website\",\"url\":\"http:\/\/www.bcm74.fr\/wordpress\/\",\"name\":\"Badminton Club de La Mandallaz\",\"description\":\"\",\"potentialAction\":[{\"@type\":\"SearchAction\",\"target\":{\"@type\":\"EntryPoint\",\"urlTemplate\":\"http:\/\/www.bcm74.fr\/wordpress\/?s={search_term_string}\"},\"query-input\":\"required name=search_term_string\"}],\"inLanguage\":\"fr-FR\"},{\"@type\":\"WebPage\",\"@id\":\"http:\/\/www.bcm74.fr\/wordpress\/reglement-interieur\/#webpage\",\"url\":\"http:\/\/www.bcm74.fr\/wordpress\/reglement-interieur\/\",\"name\":\"R\\u00e8glement Int\\u00e9rieur - Badminton Club de La Mandallaz\",\"isPartOf\":{\"@id\":\"http:\/\/www.bcm74.fr\/wordpress\/#website\"},\"datePublished\":\"2020-07-11T16:27:44+00:00\",\"dateModified\":\"2024-07-22T20:44:12+00:00\",\"breadcrumb\":{\"@id\":\"http:\/\/www.bcm74.fr\/wordpress\/reglement-interieur\/#breadcrumb\"},\"inLanguage\":\"fr-FR\",\"potentialAction\":[{\"@type\":\"ReadAction\",\"target\":[\"http:\/\/www.bcm74.fr\/wordpress\/reglement-interieur\/\"]}]},{\"@type\":\"BreadcrumbList\",\"@id\":\"http:\/\/www.bcm74.fr\/wordpress\/reglement-interieur\/#breadcrumb\",\"itemListElement\":[{\"@type\":\"ListItem\",\"position\":1,\"name\":\"Accueil\",\"item\":\"http:\/\/www.bcm74.fr\/wordpress\/\"},{\"@type\":\"ListItem\",\"position\":2,\"name\":\"R\\u00e8glement Int\\u00e9rieur\"}]}]}<\/script>\n<!-- \/ Yoast SEO plugin. -->","yoast_head_json":{"title":"R\u00e8glement Int\u00e9rieur - Badminton Club de La Mandallaz","robots":{"index":"index","follow":"follow","max-snippet":"max-snippet:-1","max-image-preview":"max-image-preview:large","max-video-preview":"max-video-preview:-1"},"canonical":"http:\/\/www.bcm74.fr\/wordpress\/reglement-interieur\/","og_locale":"fr_FR","og_type":"article","og_title":"R\u00e8glement Int\u00e9rieur - Badminton Club de La Mandallaz","og_description":"En cours d&rsquo;actualisation &#8211; il sera bient\u00f4t disponible !!","og_url":"http:\/\/www.bcm74.fr\/wordpress\/reglement-interieur\/","og_site_name":"Badminton Club de La Mandallaz","article_modified_time":"2024-07-22T20:44:12+00:00","twitter_card":"summary_large_image","twitter_misc":{"Dur\u00e9e de lecture est.":"6 minutes"},"schema":{"@context":"https:\/\/schema.org","@graph":[{"@type":"WebSite","@id":"http:\/\/www.bcm74.fr\/wordpress\/#website","url":"http:\/\/www.bcm74.fr\/wordpress\/","name":"Badminton Club de La Mandallaz","description":"","potentialAction":[{"@type":"SearchAction","target":{"@type":"EntryPoint","urlTemplate":"http:\/\/www.bcm74.fr\/wordpress\/?s={search_term_string}"},"query-input":"required name=search_term_string"}],"inLanguage":"fr-FR"},{"@type":"WebPage","@id":"http:\/\/www.bcm74.fr\/wordpress\/reglement-interieur\/#webpage","url":"http:\/\/www.bcm74.fr\/wordpress\/reglement-interieur\/","name":"R\u00e8glement Int\u00e9rieur - Badminton Club de La Mandallaz","isPartOf":{"@id":"http:\/\/www.bcm74.fr\/wordpress\/#website"},"datePublished":"2020-07-11T16:27:44+00:00","dateModified":"2024-07-22T20:44:12+00:00","breadcrumb":{"@id":"http:\/\/www.bcm74.fr\/wordpress\/reglement-interieur\/#breadcrumb"},"inLanguage":"fr-FR","potentialAction":[{"@type":"ReadAction","target":["http:\/\/www.bcm74.fr\/wordpress\/reglement-interieur\/"]}]},{"@type":"BreadcrumbList","@id":"http:\/\/www.bcm74.fr\/wordpress\/reglement-interieur\/#breadcrumb","itemListElement":[{"@type":"ListItem","position":1,"name":"Accueil","item":"http:\/\/www.bcm74.fr\/wordpress\/"},{"@type":"ListItem","position":2,"name":"R\u00e8glement Int\u00e9rieur"}]}]}},"_links":{"self":[{"href":"http:\/\/www.bcm74.fr\/wordpress\/wp-json\/wp\/v2\/pages\/68","targetHints":{"allow":["GET"]}}],"collection":[{"href":"http:\/\/www.bcm74.fr\/wordpress\/wp-json\/wp\/v2\/pages"}],"about":[{"href":"http:\/\/www.bcm74.fr\/wordpress\/wp-json\/wp\/v2\/types\/page"}],"author":[{"embeddable":true,"href":"http:\/\/www.bcm74.fr\/wordpress\/wp-json\/wp\/v2\/users\/1"}],"replies":[{"embeddable":true,"href":"http:\/\/www.bcm74.fr\/wordpress\/wp-json\/wp\/v2\/comments?post=68"}],"version-history":[{"count":4,"href":"http:\/\/www.bcm74.fr\/wordpress\/wp-json\/wp\/v2\/pages\/68\/revisions"}],"predecessor-version":[{"id":1232,"href":"http:\/\/www.bcm74.fr\/wordpress\/wp-json\/wp\/v2\/pages\/68\/revisions\/1232"}],"wp:attachment":[{"href":"http:\/\/www.bcm74.fr\/wordpress\/wp-json\/wp\/v2\/media?parent=68"}],"curies":[{"name":"wp","href":"https:\/\/api.w.org\/{rel}","templated":true}]}}