{"id":44,"date":"2020-07-11T17:45:05","date_gmt":"2020-07-11T15:45:05","guid":{"rendered":"http:\/\/www.bcm74.fr\/wordpress\/?page_id=44"},"modified":"2026-04-08T18:55:59","modified_gmt":"2026-04-08T16:55:59","slug":"tarifs-et-formulaire","status":"publish","type":"page","link":"http:\/\/www.bcm74.fr\/wordpress\/tarifs-et-formulaire\/","title":{"rendered":"Tarifs et formulaires"},"content":{"rendered":"\n<div class=\"wp-block-group has-text-color\" style=\"color:#04940e\"><div class=\"wp-block-group__inner-container is-layout-flow wp-block-group-is-layout-flow\">\n<h2 class=\"wp-block-heading has-text-align-center has-text-color\" style=\"color:#04940e\"><strong>Cotisation<\/strong><\/h2>\n<\/div><\/div>\n\n\n\n<p><strong>Conditions g\u00e9n\u00e9rales <\/strong>(extrait du&nbsp;r\u00e8glement int\u00e9rieur<strong>)<\/strong><br>Toute personne faisant partie de l&rsquo;association doit acquitter une cotisation annuelle pour \u00eatre reconnue comme membre actif. Cette cotisation doit \u00eatre obligatoirement vers\u00e9e au moment de l&rsquo;adh\u00e9sion.<br>La cotisation donne droit pour chaque adh\u00e9rent \u00e0 l&rsquo;acc\u00e8s \u00e0 au moins un cr\u00e9neau horaire hebdomadaire en accord avec le responsable de s\u00e9ance et en fonction de la disponibilit\u00e9. En cours d&rsquo;ann\u00e9e, chaque adh\u00e9rent pourra se pr\u00e9senter sur d&rsquo;autres cr\u00e9neaux horaires selon l&rsquo;occupation des cr\u00e9neaux.<br>La cotisation comprend aussi l&rsquo;acquisition de la licence FFBad obligatoire selon les status de l&rsquo;association (article 6).<\/p>\n\n\n\n<div class=\"wp-block-group\"><div class=\"wp-block-group__inner-container is-layout-flow wp-block-group-is-layout-flow\">\n<div class=\"wp-block-group\"><div class=\"wp-block-group__inner-container is-layout-flow wp-block-group-is-layout-flow\">\n<div class=\"wp-block-group\"><div class=\"wp-block-group__inner-container is-layout-flow wp-block-group-is-layout-flow\">\n<div class=\"wp-block-group has-text-color\" style=\"color:#04940e\"><div class=\"wp-block-group__inner-container is-layout-flow wp-block-group-is-layout-flow\">\n<h2 class=\"wp-block-heading has-text-align-center has-text-color\" style=\"color:#04940e\">Montant de la cotisation<\/h2>\n<\/div><\/div>\n<\/div><\/div>\n<\/div><\/div>\n<\/div><\/div>\n\n\n\n<div class=\"wp-block-group\"><div class=\"wp-block-group__inner-container is-layout-flow wp-block-group-is-layout-flow\">\n<div class=\"wp-block-group\"><div class=\"wp-block-group__inner-container is-layout-flow wp-block-group-is-layout-flow\">\n<p>La cotisation \u00e0 l&rsquo;association est fix\u00e9e pour la saison 2025-2026 \u00e0 un montant de :<\/p>\n<\/div><\/div>\n<\/div><\/div>\n\n\n\n<ul class=\"wp-block-list\">\n<li><strong>160 euros pour les adultes loisirs<\/strong> (cr\u00e9neaux jeux libres du lundi (21h00-22h30) et jeudi (19h30 \u00e0 22h30)),<\/li>\n\n\n\n<li><strong>175 euros pour les adultes <\/strong>(entrainement encadr\u00e9 le mardi de 21h00 \u00e0 22h30),<\/li>\n\n\n\n<li><strong>145 euros pour les jeunes (n\u00e9s entre 2009 et 2017) <\/strong>(entrainement encadr\u00e9 le mardi de 19h30 \u00e0 21h00)<strong>,<\/strong><\/li>\n\n\n\n<li><strong>115 euros pour les Minibads (n\u00e9s en 2018 et apr\u00e8s) <\/strong>(entrainement encadr\u00e9 le samedi de 11h00 \u00e0 12h30)<strong>.<\/strong><\/li>\n<\/ul>\n\n\n\n<div class=\"wp-block-group\"><div class=\"wp-block-group__inner-container is-layout-flow wp-block-group-is-layout-flow\">\n<p>Une&nbsp;<strong>r\u00e9duction de 10 euros<\/strong>&nbsp;sera pratiqu\u00e9e par inscription pour les familles comptant 3 membres inscrit et plus (<strong>dans la limite de 30\u20ac<\/strong>).<\/p>\n\n\n\n<p>Une <strong>r\u00e9duction de 20 euros<\/strong> sera pratiqu\u00e9e pour tout renouvellement de licence au sein du BCM74 (saison 2024-2025 \u00e0 2025-2026). N&rsquo;oubliez pas de cocher la case correspondante !!<\/p>\n\n\n\n<p>Pour toute inscription \u00e0 partir de janvier 2026, le prix de la cotisation sera de 120 euros.<\/p>\n<\/div><\/div>\n\n\n\n<p>Aucun remboursement ne sera effectu\u00e9 en cours de saison. <\/p>\n\n\n\n\n\n\n\n<div class=\"wp-block-group\"><div class=\"wp-block-group__inner-container is-layout-flow wp-block-group-is-layout-flow\">\n<h2 class=\"wp-block-heading has-text-align-center has-text-color\" style=\"color:#04940e\"><strong>S&rsquo;inscrire !<\/strong><\/h2>\n<\/div><\/div>\n\n\n\n<p>1. Le&nbsp;<strong>Formulaire FFBAD de prise de licence 2025\/2026<\/strong>&nbsp;est \u00e0 remplir uniquement en ligne (\u00eatre attentif aux petites cases \u00e0 cocher).<\/p>\n\n\n\n<p><strong>Il n\u2019est plus obligatoire de fournir un certificat m\u00e9dical de non contre-indication \u00e0 la pratique du badminton<\/strong> \u00e0 la premi\u00e8re prise de licence ou lors d\u2019un renouvellement.<\/p>\n\n\n\n<p>Tout comme pour les mineurs, les adultes devront, toutefois, renseigner un questionnaire de sant\u00e9 qui doit \u00eatre compl\u00e9t\u00e9 avec s\u00e9rieux et sinc\u00e9rit\u00e9. Si l\u2019une des questions donne lieu \u00e0 une r\u00e9ponse positive, le certificat m\u00e9dical de la f\u00e9d\u00e9ration fran\u00e7aise de Badminton sp\u00e9cifiant aucune contre-indication \u00e0 la pratique du Badminton datant de moins de 6 mois devra \u00eatre fourni.<\/p>\n\n\n\n\n\n\n\n<h2 class=\"wp-block-heading has-text-align-center has-text-color\" style=\"color:#04940e\"><strong>Assurance club<\/strong><\/h2>\n\n\n\n<p>Avec votre licence, vous b\u00e9n\u00e9ficiez d&rsquo;une couverture accident et responsabilit\u00e9 lors de votre activit\u00e9 \u00ab\u00a0badminton\u00a0\u00bb.<br>Le d\u00e9tail de la couverture et les formulaires de d\u00e9claration d&rsquo;accident sont disponibles sur le site de la&nbsp;<strong>FFBAD, rubrique Assurance &gt;&gt;&nbsp;<\/strong><a href=\"http:\/\/www.ffbad.org\/la-ffbad\/l-assurance\/\">ici<\/a>.<\/p>\n\n\n\n<h2 class=\"wp-block-heading has-text-align-center has-text-color\" style=\"color:#04940e\">S\u00e9ances d&rsquo;essais<\/h2>\n\n\n\n<p>Les personnes souhaitant \u00e9valuer leur int\u00e9r\u00eat pour le Badminton pourront participer \u00e0 trois s\u00e9ances maximum aux entra\u00eenements sans \u00eatre inscrites formellement. Pass\u00e9 ce d\u00e9lai, ces personnes devront r\u00e9gulariser leur situation pour \u00eatre admises aux s\u00e9ances suivantes.<br>Durant la p\u00e9riode d&rsquo;essai, les personnes devront s&rsquo;assurer d&rsquo;\u00eatre couvertes par leur assurance personnelle contre tout accident \u00e9ventuel.<\/p>\n\n\n\n<div class=\"wp-block-group\"><div class=\"wp-block-group__inner-container is-layout-flow wp-block-group-is-layout-flow\"><\/div><\/div>\n","protected":false},"excerpt":{"rendered":"<p>Cotisation Conditions g\u00e9n\u00e9rales (extrait du&nbsp;r\u00e8glement int\u00e9rieur)Toute personne faisant partie de l&rsquo;association doit acquitter une cotisation annuelle pour \u00eatre reconnue comme membre actif. Cette cotisation doit \u00eatre obligatoirement vers\u00e9e au moment de l&rsquo;adh\u00e9sion.La cotisation donne droit pour chaque adh\u00e9rent \u00e0 l&rsquo;acc\u00e8s \u00e0 au moins un cr\u00e9neau &hellip; <\/p>\n","protected":false},"author":1,"featured_media":0,"parent":0,"menu_order":0,"comment_status":"closed","ping_status":"closed","template":"","meta":{"footnotes":""},"class_list":["post-44","page","type-page","status-publish","hentry","latest_post"],"yoast_head":"<!-- This site is optimized with the Yoast SEO plugin v17.0 - https:\/\/yoast.com\/wordpress\/plugins\/seo\/ -->\n<title>Tarifs et formulaires - Badminton Club de La Mandallaz<\/title>\n<meta name=\"robots\" content=\"index, follow, max-snippet:-1, max-image-preview:large, max-video-preview:-1\" \/>\n<link rel=\"canonical\" href=\"http:\/\/www.bcm74.fr\/wordpress\/tarifs-et-formulaire\/\" \/>\n<meta property=\"og:locale\" content=\"fr_FR\" \/>\n<meta property=\"og:type\" content=\"article\" \/>\n<meta property=\"og:title\" content=\"Tarifs et formulaires - Badminton Club de La Mandallaz\" \/>\n<meta property=\"og:description\" content=\"Cotisation Conditions g\u00e9n\u00e9rales (extrait du&nbsp;r\u00e8glement int\u00e9rieur)Toute personne faisant partie de l&rsquo;association doit acquitter une cotisation annuelle pour \u00eatre reconnue comme membre actif. Cette cotisation doit \u00eatre obligatoirement vers\u00e9e au moment de l&rsquo;adh\u00e9sion.La cotisation donne droit pour chaque adh\u00e9rent \u00e0 l&rsquo;acc\u00e8s \u00e0 au moins un cr\u00e9neau &hellip;\" \/>\n<meta property=\"og:url\" content=\"http:\/\/www.bcm74.fr\/wordpress\/tarifs-et-formulaire\/\" \/>\n<meta property=\"og:site_name\" content=\"Badminton Club de La Mandallaz\" \/>\n<meta property=\"article:modified_time\" content=\"2026-04-08T16:55:59+00:00\" \/>\n<meta name=\"twitter:card\" content=\"summary_large_image\" \/>\n<meta name=\"twitter:label1\" content=\"Dur\u00e9e de lecture est.\" \/>\n\t<meta name=\"twitter:data1\" content=\"2 minutes\" \/>\n<script type=\"application\/ld+json\" class=\"yoast-schema-graph\">{\"@context\":\"https:\/\/schema.org\",\"@graph\":[{\"@type\":\"WebSite\",\"@id\":\"http:\/\/www.bcm74.fr\/wordpress\/#website\",\"url\":\"http:\/\/www.bcm74.fr\/wordpress\/\",\"name\":\"Badminton Club de La Mandallaz\",\"description\":\"\",\"potentialAction\":[{\"@type\":\"SearchAction\",\"target\":{\"@type\":\"EntryPoint\",\"urlTemplate\":\"http:\/\/www.bcm74.fr\/wordpress\/?s={search_term_string}\"},\"query-input\":\"required name=search_term_string\"}],\"inLanguage\":\"fr-FR\"},{\"@type\":\"WebPage\",\"@id\":\"http:\/\/www.bcm74.fr\/wordpress\/tarifs-et-formulaire\/#webpage\",\"url\":\"http:\/\/www.bcm74.fr\/wordpress\/tarifs-et-formulaire\/\",\"name\":\"Tarifs et formulaires - Badminton Club de La Mandallaz\",\"isPartOf\":{\"@id\":\"http:\/\/www.bcm74.fr\/wordpress\/#website\"},\"datePublished\":\"2020-07-11T15:45:05+00:00\",\"dateModified\":\"2026-04-08T16:55:59+00:00\",\"breadcrumb\":{\"@id\":\"http:\/\/www.bcm74.fr\/wordpress\/tarifs-et-formulaire\/#breadcrumb\"},\"inLanguage\":\"fr-FR\",\"potentialAction\":[{\"@type\":\"ReadAction\",\"target\":[\"http:\/\/www.bcm74.fr\/wordpress\/tarifs-et-formulaire\/\"]}]},{\"@type\":\"BreadcrumbList\",\"@id\":\"http:\/\/www.bcm74.fr\/wordpress\/tarifs-et-formulaire\/#breadcrumb\",\"itemListElement\":[{\"@type\":\"ListItem\",\"position\":1,\"name\":\"Accueil\",\"item\":\"http:\/\/www.bcm74.fr\/wordpress\/\"},{\"@type\":\"ListItem\",\"position\":2,\"name\":\"Tarifs et formulaires\"}]}]}<\/script>\n<!-- \/ Yoast SEO plugin. -->","yoast_head_json":{"title":"Tarifs et formulaires - Badminton Club de La Mandallaz","robots":{"index":"index","follow":"follow","max-snippet":"max-snippet:-1","max-image-preview":"max-image-preview:large","max-video-preview":"max-video-preview:-1"},"canonical":"http:\/\/www.bcm74.fr\/wordpress\/tarifs-et-formulaire\/","og_locale":"fr_FR","og_type":"article","og_title":"Tarifs et formulaires - Badminton Club de La Mandallaz","og_description":"Cotisation Conditions g\u00e9n\u00e9rales (extrait du&nbsp;r\u00e8glement int\u00e9rieur)Toute personne faisant partie de l&rsquo;association doit acquitter une cotisation annuelle pour \u00eatre reconnue comme membre actif. Cette cotisation doit \u00eatre obligatoirement vers\u00e9e au moment de l&rsquo;adh\u00e9sion.La cotisation donne droit pour chaque adh\u00e9rent \u00e0 l&rsquo;acc\u00e8s \u00e0 au moins un cr\u00e9neau &hellip;","og_url":"http:\/\/www.bcm74.fr\/wordpress\/tarifs-et-formulaire\/","og_site_name":"Badminton Club de La Mandallaz","article_modified_time":"2026-04-08T16:55:59+00:00","twitter_card":"summary_large_image","twitter_misc":{"Dur\u00e9e de lecture est.":"2 minutes"},"schema":{"@context":"https:\/\/schema.org","@graph":[{"@type":"WebSite","@id":"http:\/\/www.bcm74.fr\/wordpress\/#website","url":"http:\/\/www.bcm74.fr\/wordpress\/","name":"Badminton Club de La Mandallaz","description":"","potentialAction":[{"@type":"SearchAction","target":{"@type":"EntryPoint","urlTemplate":"http:\/\/www.bcm74.fr\/wordpress\/?s={search_term_string}"},"query-input":"required name=search_term_string"}],"inLanguage":"fr-FR"},{"@type":"WebPage","@id":"http:\/\/www.bcm74.fr\/wordpress\/tarifs-et-formulaire\/#webpage","url":"http:\/\/www.bcm74.fr\/wordpress\/tarifs-et-formulaire\/","name":"Tarifs et formulaires - Badminton Club de La Mandallaz","isPartOf":{"@id":"http:\/\/www.bcm74.fr\/wordpress\/#website"},"datePublished":"2020-07-11T15:45:05+00:00","dateModified":"2026-04-08T16:55:59+00:00","breadcrumb":{"@id":"http:\/\/www.bcm74.fr\/wordpress\/tarifs-et-formulaire\/#breadcrumb"},"inLanguage":"fr-FR","potentialAction":[{"@type":"ReadAction","target":["http:\/\/www.bcm74.fr\/wordpress\/tarifs-et-formulaire\/"]}]},{"@type":"BreadcrumbList","@id":"http:\/\/www.bcm74.fr\/wordpress\/tarifs-et-formulaire\/#breadcrumb","itemListElement":[{"@type":"ListItem","position":1,"name":"Accueil","item":"http:\/\/www.bcm74.fr\/wordpress\/"},{"@type":"ListItem","position":2,"name":"Tarifs et formulaires"}]}]}},"_links":{"self":[{"href":"http:\/\/www.bcm74.fr\/wordpress\/wp-json\/wp\/v2\/pages\/44","targetHints":{"allow":["GET"]}}],"collection":[{"href":"http:\/\/www.bcm74.fr\/wordpress\/wp-json\/wp\/v2\/pages"}],"about":[{"href":"http:\/\/www.bcm74.fr\/wordpress\/wp-json\/wp\/v2\/types\/page"}],"author":[{"embeddable":true,"href":"http:\/\/www.bcm74.fr\/wordpress\/wp-json\/wp\/v2\/users\/1"}],"replies":[{"embeddable":true,"href":"http:\/\/www.bcm74.fr\/wordpress\/wp-json\/wp\/v2\/comments?post=44"}],"version-history":[{"count":22,"href":"http:\/\/www.bcm74.fr\/wordpress\/wp-json\/wp\/v2\/pages\/44\/revisions"}],"predecessor-version":[{"id":1528,"href":"http:\/\/www.bcm74.fr\/wordpress\/wp-json\/wp\/v2\/pages\/44\/revisions\/1528"}],"wp:attachment":[{"href":"http:\/\/www.bcm74.fr\/wordpress\/wp-json\/wp\/v2\/media?parent=44"}],"curies":[{"name":"wp","href":"https:\/\/api.w.org\/{rel}","templated":true}]}}